{"id":4059,"date":"2019-10-09T20:18:43","date_gmt":"2019-10-09T23:18:43","guid":{"rendered":"https:\/\/www.aussiestar.com.br\/conteudo\/?page_id=4059"},"modified":"2019-10-09T23:58:59","modified_gmt":"2019-10-10T02:58:59","slug":"sobre-a-aussie-star","status":"publish","type":"page","link":"https:\/\/www.aussiestar.com.br\/conteudo\/sobre-a-aussie-star\/","title":{"rendered":"Sobre a Aussie Star"},"content":{"rendered":"\n    <section class=\"text-center space--md\">\n        <div class=\"container\">\n            <div class=\"row\">\n                <div class=\"col-sm-10 col-md-8\">\n                    <h1>Sobre a Aussie Star<\/h1>\n                    <h3 class=\"subtitle-one\"><span>Nossa miss\u00e3o \u00e9 ser efetivo e objetivo na educa\u00e7\u00e3o de idiomas para todo o p\u00fablico. Como se n\u00e3o bastasse, queremos concretizar os estudos de todos os nossos alunos com a experi\u00eancia do interc\u00e2mbio.<\/span><\/h3>\n                    <p class=\"lead\">&nbsp;<\/p>\n                <\/div>\n            <\/div>\n            <!--end of row-->\n        <\/div>\n        <!--end of container-->\n    <\/section>\n    <section>\n        <div class=\"container\">\n            <div class=\"row\">\n                <div class=\"slider slider--ken-burns\" data-arrows=\"true\" data-paging=\"true\">\n                    <ul class=\"slides\">\n                        <li> <img alt=\"Image\" src=\"https:\/\/www.aussiestar.com.br\/conteudo\/wp-content\/uploads\/2017\/04\/work-1.jpg\"> <\/li>\n                        <li> <img alt=\"Image\" src=\"https:\/\/www.aussiestar.com.br\/conteudo\/wp-content\/uploads\/2017\/04\/work-2.jpg\"> <\/li>\n                        <li> <img alt=\"Image\" src=\"https:\/\/www.aussiestar.com.br\/conteudo\/wp-content\/uploads\/2017\/04\/work-3.jpg\"> <\/li>\n                        <li> <img alt=\"Image\" src=\"https:\/\/www.aussiestar.com.br\/conteudo\/wp-content\/uploads\/2017\/04\/work-4.jpg\"> <\/li>\n                        <li> <img alt=\"Image\" src=\"https:\/\/www.aussiestar.com.br\/conteudo\/wp-content\/uploads\/2017\/04\/work-5.jpg\"> <\/li>\n                        <li> <img alt=\"Image\" src=\"https:\/\/www.aussiestar.com.br\/conteudo\/wp-content\/uploads\/2017\/04\/work-6.jpg\"> <\/li>\n                    <\/ul>\n                <\/div>\n            <\/div>\n            <!--end row-->\n        <\/div>\n        <!--end of container-->\n    <\/section>\n    <section>\n        <div class=\"container\">\n            <div class=\"row\">\n                <div class=\"col-sm-4\">\n                    <div class=\"feature\">\n                        <h4>Miss\u00e3o<\/h4>\n                        <p>With rich modal and notification functionality and a robust suite of options, Stack makes building feature-heavy pages simple and enjoyable.<\/p>\n                    <\/div>\n                <\/div>\n                <div class=\"col-sm-4\">\n                    <div class=\"feature\">\n                        <h4>Vis\u00e3o<\/h4>\n                        <p>Drastically reduce the time it takes to move from initial concept to production-ready with Stack and Variant Page Builder. Your clients will love you for it!<\/p>\n                    <\/div>\n                <\/div>\n                <div class=\"col-sm-4\">\n                    <div class=\"feature\">\n                        <h4>Valores<\/h4>\n                        <p>Our customers love the comfort that comes with six-months free support. Our dedicated support forum makes interacting with us hassle-free and efficient.<\/p>\n                    <\/div>\n                <\/div>\n            <\/div>\n            <!--end of row-->\n        <\/div>\n        <!--end of container-->\n    <\/section>\n    <section class=\"text-center  bg--secondary\">\n        <div class=\"container\">\n            <div class=\"row\">\n                <div class=\"col-sm-10 col-md-8\">\n                    <h2>Servi\u00e7os oferecidos<\/h2>\n                    <p class=\"lead\">Com nosso know-how em ensino de ingl\u00eas e interc\u00e2mbio oferecemos os seguintes servi\u00e7os:<\/p>\n                <\/div>\n            <\/div>\n            <!--end of row-->\n        <\/div>\n        <!--end of container-->\n    <\/section>\n    <section class=\"features-small-14 text-center bg--secondary\">\n        <div class=\"container\">\n            <div class=\"row\">\n                <div class=\"col-md-6 col-md-offset-3 col-sm-8 col-sm-offset-2\">\n                    <div class=\"row\">\n                        <div class=\"col-sm-4\">\n                            <div class=\"text-block\"> <i class=\"icon color--dark icon-Preview\"><\/i>\n                                <h4>Showcase Products<\/h4>\n                            <\/div>\n                        <\/div>\n                        <div class=\"col-sm-4\">\n                            <div class=\"text-block\"> <i class=\"icon color--dark icon-Post-Mail2\"><\/i>\n                                <h4>Mailer Integrations<\/h4>\n                            <\/div>\n                        <\/div>\n                        <div class=\"col-sm-4\">\n                            <div class=\"text-block\"> <i class=\"icon color--dark icon-Fingerprint-2\"><\/i>\n                                <h4>Infinitely Customisable<\/h4>\n                            <\/div>\n                        <\/div>\n                        <div class=\"col-sm-4\">\n                            <div class=\"text-block\"> <i class=\"icon color--dark icon-Life-Safer\"><\/i>\n                                <h4>Dedicated Support Team<\/h4>\n                            <\/div>\n                        <\/div>\n                        <div class=\"col-sm-4\">\n                            <div class=\"text-block\"> <i class=\"icon color--dark icon-Duplicate-Window\"><\/i>\n                                <h4>Modular Markup and Design<\/h4>\n                            <\/div>\n                        <\/div>\n                        <div class=\"col-sm-4\">\n                            <div class=\"text-block\"> <i class=\"icon color--dark icon-Clock-Back\"><\/i>\n                                <h4>Save Time<\/h4>\n                            <\/div>\n                        <\/div>\n                    <\/div>\n                <\/div>\n            <\/div>\n        <\/div>\n    <\/section>\n    \n","protected":false},"excerpt":{"rendered":"<p>Sobre a Aussie Star Nossa miss\u00e3o \u00e9 ser efetivo e objetivo na educa\u00e7\u00e3o de idiomas para todo o p\u00fablico. Como se n\u00e3o&#8230;<\/p>\n","protected":false},"author":1,"featured_media":0,"parent":0,"menu_order":0,"comment_status":"closed","ping_status":"closed","template":"","meta":{"footnotes":""},"class_list":["post-4059","page","type-page","status-publish","hentry"],"_links":{"self":[{"href":"https:\/\/www.aussiestar.com.br\/conteudo\/wp-json\/wp\/v2\/pages\/4059","targetHints":{"allow":["GET"]}}],"collection":[{"href":"https:\/\/www.aussiestar.com.br\/conteudo\/wp-json\/wp\/v2\/pages"}],"about":[{"href":"https:\/\/www.aussiestar.com.br\/conteudo\/wp-json\/wp\/v2\/types\/page"}],"author":[{"embeddable":true,"href":"https:\/\/www.aussiestar.com.br\/conteudo\/wp-json\/wp\/v2\/users\/1"}],"replies":[{"embeddable":true,"href":"https:\/\/www.aussiestar.com.br\/conteudo\/wp-json\/wp\/v2\/comments?post=4059"}],"version-history":[{"count":3,"href":"https:\/\/www.aussiestar.com.br\/conteudo\/wp-json\/wp\/v2\/pages\/4059\/revisions"}],"predecessor-version":[{"id":4062,"href":"https:\/\/www.aussiestar.com.br\/conteudo\/wp-json\/wp\/v2\/pages\/4059\/revisions\/4062"}],"wp:attachment":[{"href":"https:\/\/www.aussiestar.com.br\/conteudo\/wp-json\/wp\/v2\/media?parent=4059"}],"curies":[{"name":"wp","href":"https:\/\/api.w.org\/{rel}","templated":true}]}}