{"id":4454,"date":"2020-02-19T15:13:25","date_gmt":"2020-02-19T18:13:25","guid":{"rendered":"https:\/\/www.aussiestar.com.br\/conteudo\/?page_id=4454"},"modified":"2020-03-16T18:57:20","modified_gmt":"2020-03-16T21:57:20","slug":"vancouver-summer-camp","status":"publish","type":"page","link":"https:\/\/www.aussiestar.com.br\/conteudo\/kids\/vancouver-summer-camp\/","title":{"rendered":"Vancouver &#8211; Summer Camp"},"content":{"rendered":"\n    <section class=\"imagebg text-center parallax height-100\">\n        <div class=\"background-image-holder\"><img alt=\"\" src=\"https:\/\/www.aussiestar.com.br\/conteudo\/wp-content\/uploads\/2020\/02\/program-summer-bg-testimonials.png\"><\/div>\n        <div class=\"container pos-vertical-center\">\n            <div class=\"row\">\n                <div class=\"col-sm-7 col-md-5\"> <\/div>\n            <\/div>\n        <\/div>\n    <\/section>\n    <section class=\"imageblock switchable feature-large  switchable--switch bg--dark\">\n        <div class=\"imageblock__content col-md-6 col-sm-4 pos-right\">\n            <div class=\"background-image-holder\"> <img alt=\"\" src=\"https:\/\/www.aussiestar.com.br\/conteudo\/wp-content\/uploads\/2020\/02\/122462_photo-1549515423-817fb1cfb6ae.jpg\"> <\/div>\n        <\/div>\n        <div class=\"container\">\n            <div class=\"row\">\n                <div class=\"col-md-5 col-sm-7\">\n                    <p><span wfd-id=\"10\">A<strong> c<\/strong>ombina\u00e7\u00e3o do nosso <strong>Programa de Prepara\u00e7\u00e3o para o Ensino M\u00e9dio<\/strong> com nossas atividades de <strong>Summer Teen Experience<\/strong>, tornando este curso um dos mais emocionantes campos de ingl\u00eas para adolescentes em Vancouver em Vancouver. Oferecemos aos estudantes uma aventura canadense completa, onde eles ser\u00e3o totalmente imersos nas aulas de ingl\u00eas projetadas para o estudante do ensino m\u00e9dio, enquanto experimentam a cultura canadense. Consiste em um programa integrado, onde os alunos t\u00eam um dia inteiro de estudos que se c<\/span><span wfd-id=\"9\">oncentram<\/span><span wfd-id=\"8\">no ingl\u00eas relevante para a vida cotidiana de um adolescente do ensino m\u00e9dio. Todas as ter\u00e7as e quintas-feiras, os alunos levam o aprendizado para fora da sala de aula, onde aplicam seus conhecimentos de idio<\/span><span wfd-id=\"7\">mas a uma atividade acad\u00eamica. Al\u00e9m disso, haver\u00e1 atividades di\u00e1rias que os alunos poder\u00e3o desfrutar.<\/span><\/p>\n                    <p>E se isso n\u00e3<span style=\"font-size: 1rem;\" wfd-id=\"6\">o parecer divertido o suficiente, os alunos ter\u00e3o a<\/span><span style=\"font-size: 1rem;\" wfd-id=\"5\"> oportunidade de<\/span><span style=\"font-size: 1rem;\" wfd-id=\"4\">con<\/span><span style=\"font-size: 1rem;\" wfd-id=\"3\">hecer a bela regi\u00e3o selvagem pela qu<\/span><span style=\"font-size: 1rem;\" wfd-id=\"2\">al o Canad\u00e1 <\/span><span style=\"font-size: 1rem;\" wfd-id=\"1\">\u00e9 famoso. Este acampamento de ver\u00e3o oferece aos estudantes a oportunidade de passar v\u00e1rios dias longe da cidade. Nade em lagos cristalinos, canoage<\/span><span style=\"font-size: 1rem;\" wfd-id=\"0\">m, fogueiras, tirar fotos das <strong>montanhas rochosas<\/strong> de tirar o f\u00f4lego e muito mais!<\/span><\/p>\n                <\/div>\n            <\/div>\n            <!--end of row-->\n        <\/div>\n        <!--end of container-->\n    <\/section>\n    <section class=\"space--xs bg--secondary\">\n        <div class=\"container\">\n            <div class=\"row\">\n                <div class=\"col-md-8 col-md-offset-2 col-sm-10 col-sm-offset-1\">\n                    <div class=\"process-1\">\n                        <div class=\"process__item\">\n                            <h4>Material e matr\u00edcula<\/h4>\n                            <p>Material para todo o tempo de curso<\/p>\n                            <p>&nbsp;<\/p>\n                        <\/div>\n                        <div class=\"process__item\">\n                            <h4>Acomoda\u00e7\u00e3o<\/h4>\n                            <p><span wfd-id=\"3543\">p<\/span><span wfd-id=\"3542\">elo tempo de dura\u00e7\u00e3o do curso com quarto individual + 3 refei\u00e7\u00f5es di\u00e1rias<\/span><\/p>\n                        <\/div>\n                        <div class=\"process__item\">\n                            <h4>Traslado<\/h4>\n                            <p>ida e volta ao aeroporto<\/p>\n                        <\/div>\n                        <div class=\"process__item\">\n                            <h4>Seguro m\u00e9dico<\/h4>\n                            <p>para assegurar o bem mais precioso, nossos filhos.<\/p>\n                        <\/div>\n                        <div class=\"process__item\">\n                            <h4>Atividades da escola<\/h4>\n                            <p>pique-nique, BBQ, passeios, Museus, Praia e muita brincadeira monitorada e bil\u00edngue.<\/p>\n                        <\/div>\n                    <\/div>\n                    <!--end process-->\n                <\/div>\n            <\/div>\n            <!--end of row-->\n        <\/div>\n        <!--end of container-->\n    <\/section>\n    <section class=\"imagebg image--light space--lg text-center parallax\">\n        <div class=\"background-image-holder\"> <img alt=\"\" src=\"https:\/\/www.aussiestar.com.br\/conteudo\/wp-content\/uploads\/2020\/02\/vancouver-canada-1.jpg\"> <\/div>\n        <div class=\"container\">\n            <div class=\"row\">\n                <div class=\"col-sm-3\">\n                    <div class=\"pricing pricing-1 boxed boxed--border boxed--lg\">\n                        <h4>2 semanas<\/h4> <span class=\"h1\"><span class=\"pricing__dollar\" wfd-id=\"12563\">CAD$3.375<\/span><\/span>\n                        <a class=\"btn btn--primary\" href=\"#\"> <span class=\"btn__text\">                            Comprar Agora<\/span> <\/a>\n                    <\/div>\n                    <div class=\"pricing pricing-1 boxed boxed--border boxed--lg\">\n                        <h4>5 semanas<\/h4> <span class=\"h1\"><span class=\"pricing__dollar\" wfd-id=\"12559\">CAD$5.990<\/span><\/span>\n                        <a class=\"btn btn--primary\" href=\"#\"> <span class=\"btn__text\">                            Comprar Agora                        <\/span> <\/a>\n                    <\/div>\n                    <!--end pricing-->\n                <\/div>\n                <div class=\"col-sm-3\">\n                    <div class=\"pricing pricing-1 boxed boxed--border boxed--lg boxed--emphasis\">\n                        <h4>3 semanas<\/h4> <span class=\"h1\"><span class=\"pricing__dollar\" wfd-id=\"12554\">CAD$4.295<\/span><\/span>\n                        <a class=\"btn btn--primary-1 inner-link\" href=\"#purchase-template\"> <span class=\"btn__text\">                            Comprar Agora                        <\/span> <\/a>\n                    <\/div>\n                    <div class=\"pricing pricing-1 boxed boxed--border boxed--lg boxed--emphasis\">\n                        <h4>6 semanas<\/h4> <span class=\"h1\"><span class=\"pricing__dollar\" wfd-id=\"12550\">CAD$6.870<\/span><\/span>\n                        <a class=\"btn btn--primary-1 inner-link\" href=\"#purchase-template\"> <span class=\"btn__text\">                            Comprar Agora                        <\/span> <\/a>\n                    <\/div>\n                    <!--end pricing-->\n                <\/div>\n                <div class=\"col-sm-3\">\n                    <div class=\"pricing pricing-1 boxed boxed--border boxed--lg\">\n                        <h4>4 semanas<\/h4> <span class=\"h1\"><span class=\"pricing__dollar\" wfd-id=\"12545\">CAD$5.055<\/span><\/span>\n                        <a class=\"btn btn--primary inner-link\" href=\"#purchase-template\"> <span class=\"btn__text\">                            Comprar Agora<\/span> <\/a>\n                    <\/div>\n                    <!--end pricing-->\n                <\/div>\n            <\/div>\n            <!--end of row-->\n        <\/div>\n        <!--end of container-->\n    <\/section>\n    \n","protected":false},"excerpt":{"rendered":"<p>A combina\u00e7\u00e3o do nosso Programa de Prepara\u00e7\u00e3o para o Ensino M\u00e9dio com nossas atividades de Summer Teen Experience, tornando este curso um&#8230;<\/p>\n","protected":false},"author":1,"featured_media":0,"parent":4198,"menu_order":0,"comment_status":"closed","ping_status":"closed","template":"","meta":[],"_links":{"self":[{"href":"https:\/\/www.aussiestar.com.br\/conteudo\/wp-json\/wp\/v2\/pages\/4454"}],"collection":[{"href":"https:\/\/www.aussiestar.com.br\/conteudo\/wp-json\/wp\/v2\/pages"}],"about":[{"href":"https:\/\/www.aussiestar.com.br\/conteudo\/wp-json\/wp\/v2\/types\/page"}],"author":[{"embeddable":true,"href":"https:\/\/www.aussiestar.com.br\/conteudo\/wp-json\/wp\/v2\/users\/1"}],"replies":[{"embeddable":true,"href":"https:\/\/www.aussiestar.com.br\/conteudo\/wp-json\/wp\/v2\/comments?post=4454"}],"version-history":[{"count":43,"href":"https:\/\/www.aussiestar.com.br\/conteudo\/wp-json\/wp\/v2\/pages\/4454\/revisions"}],"predecessor-version":[{"id":4913,"href":"https:\/\/www.aussiestar.com.br\/conteudo\/wp-json\/wp\/v2\/pages\/4454\/revisions\/4913"}],"up":[{"embeddable":true,"href":"https:\/\/www.aussiestar.com.br\/conteudo\/wp-json\/wp\/v2\/pages\/4198"}],"wp:attachment":[{"href":"https:\/\/www.aussiestar.com.br\/conteudo\/wp-json\/wp\/v2\/media?parent=4454"}],"curies":[{"name":"wp","href":"https:\/\/api.w.org\/{rel}","templated":true}]}}